{"id":769,"date":"2015-12-29T14:39:24","date_gmt":"2015-12-29T14:39:24","guid":{"rendered":"https:\/\/littlenightstars.com\/mission\/"},"modified":"2020-12-16T12:35:47","modified_gmt":"2020-12-16T12:35:47","slug":"mission","status":"publish","type":"page","link":"https:\/\/littlenightstars.com\/it\/mission\/","title":{"rendered":"Mission"},"content":{"rendered":"<div class=\"wpb-content-wrapper\"><p>[vc_row css=&#8221;.vc_custom_1558452981603{padding-top: 60px !important;}&#8221;][vc_column width=&#8221;1\/3&#8243;][vc_single_image image=&#8221;725&#8243; img_size=&#8221;full&#8221; alignment=&#8221;center&#8221; css_animation=&#8221;fadeIn&#8221;][vc_column_text]Stelle della notte \u00e8 un progetto <strong>costruito intorno alle storie della buonanotte\u00a0<\/strong>che un padre raccontava alla propria figlia nei pochi minuti prima di metterla a letto, in quel momento in cui ognuno di noi pu\u00f2 finalmente \u201cdisconnettersi dal mondo\u201d e<span class=\"apple-converted-space\">\u00a0<\/span><strong>riscoprire la capacit\u00e0 di creare e condividere valori, risate, emozioni, ricordi e sentimenti reali<\/strong>.<\/p>\n<p>Storie che si sono poi trasformate in qualcosa di pi\u00f9: non soltanto un momento speciale per condividere la propria intimit\u00e0 e creativit\u00e0, ma anche un modo per insegnare ai nostri figli il rispetto dei valori in cui crediamo fermamente e soprattutto l&#8217;importanza della creativit\u00e0 e della fantasia&#8230;[\/vc_column_text][vc_column_text]Ci piacerebbe che <strong>Little Night Stars<\/strong> diventasse il progetto dedicato a tutti coloro che hanno voglia di condividere e coltivare questa ricchezza emotiva. Un progetto che possa ispirare altri genitori, mostrando loro quanto un semplice momento quotidiano possa essere la base per la costruzione di un rapporto pi\u00f9 stretto ed al contempo un modo per diffondere i valori in cui credono e far sentire la loro voce.[\/vc_column_text][\/vc_column][vc_column width=&#8221;1\/3&#8243;][title text=&#8221;UNA COMMUNITY IN CUI GENITORI E FIGLI CREANO E CONDIVIDONO STORIE DELLA BUONANOTTE, DANDO AI PI\u00d9 PICCOLI LA POSSIBILIT\u00c0 DI MODIFICARNE IL CORSO DEGLI EVENTI E DI COLORARLE CON LA FANTASIA.&#8221; tag=&#8221;h4&#8243; font_size=&#8221;16px&#8221; color=&#8221;#0a2045&#8243; el_class=&#8221;uppercase&#8221;][vc_column_text css=&#8221;.vc_custom_1558707502004{padding-top: 20px !important;}&#8221;]Per sentirsi realizzati in un rapporto ritrovato, in un libro pubblicato, in un\u2019idea di cui andare fieri.[\/vc_column_text][vc_single_image image=&#8221;724&#8243; img_size=&#8221;full&#8221; alignment=&#8221;center&#8221; css_animation=&#8221;fadeIn&#8221;][title text=&#8221;SPERIAMO DI RICEVERE STORIE DALLE FAMIGLIE DI TUTTE LE NAZIONI: UNA FINESTRA SUL MONDO CHE POSSA MOSTRARE COME ANCHE IN LUOGHI LONTANISSIMI ESISTA SEMPRE UN UNICO GRANDE AMORE CHE LEGA I GENITORI AI PROPRI BAMBINI.&#8221; tag=&#8221;h4&#8243; font_size=&#8221;16px&#8221; color=&#8221;#0a2045&#8243; el_class=&#8221;uppercase&#8221;][\/vc_column][vc_column width=&#8221;1\/3&#8243;][vc_column_text]Ricordiamoci di dedicare ai nostri figli il tempo che meritano, con sincerit\u00e0 ed attenzione, per crescere insieme ed incoraggiarli a tirare fuori il meraviglioso mondo che Saint-Exup\u00e9ry ci esortava a portare sempre con noi.<\/p>\n<p>E diamo ai nostri figli un esempio concreto di come sia possibile realizzare le proprie idee. Creare ed illustrare insieme storie frutto del mondo che ognuno di noi porta dentro, vedere quelle storie trasformarsi in un vero libro stampato, condividerle con altri bambini e con i loro genitori rappresenta un meraviglioso percorso di crescita che non deve andare perso.<\/p>\n<p>Diffondiamo l\u2019amore, la creativit\u00e0, la condivisione, combattiamo l\u2019indifferenza e la distrazione con la forza dell\u2019immaginazione\u2026.la magia che ne pu\u00f2 nascere \u00e8 inimmaginabile![\/vc_column_text][vc_single_image image=&#8221;731&#8243; img_size=&#8221;full&#8221; alignment=&#8221;center&#8221; css_animation=&#8221;fadeIn&#8221;][vc_column_text el_class=&#8221;rossoscript&#8221;]Un primo passo per costruire tutti insieme un mondo migliore![\/vc_column_text][\/vc_column][\/vc_row][vc_row full_width=&#8221;stretch_row_content_no_spaces&#8221; css=&#8221;.vc_custom_1551718867756{padding-top: 50px !important;}&#8221;][vc_column][vc_column_text]<\/p>\n<h4 class=\"shortcode_title\" style=\"text-align: center;\">Non dimentichiamoci mai che i nostri bambini sono tutti<br \/>\nStelle della Notte!<\/h4>\n<p>[\/vc_column_text][\/vc_column][\/vc_row][vc_row css=&#8221;.vc_custom_1476454254877{padding-top: 75px !important;padding-bottom: 75px !important;}&#8221;][vc_column][title text=&#8221;Pronti a partecipare?&#8221; tag=&#8221;h4&#8243; color=&#8221;#0a2045&#8243; text_align=&#8221;center&#8221;][vc_column_text]<\/p>\n<p style=\"text-align: center;\"><a class=\"bottone\" href=\"https:\/\/littlenightstars.com\/shop\/kit\">Ordina il kit<\/a><\/p>\n<p>[\/vc_column_text][\/vc_column][\/vc_row]<\/p>\n<\/div>","protected":false},"excerpt":{"rendered":"<p>[vc_row css=&#8221;.vc_custom_1558452981603{padding-top: 60px !important;}&#8221;][vc_column width=&#8221;1\/3&#8243;][vc_single_image image=&#8221;725&#8243; img_size=&#8221;full&#8221; alignment=&#8221;center&#8221; css_animation=&#8221;fadeIn&#8221;][vc_column_text]Stelle della notte \u00e8 un progetto costruito intorno alle storie della buonanotte\u00a0che un padre raccontava alla propria figlia nei pochi minuti prima di metterla a letto, in quel momento in cui ognuno di noi pu\u00f2 finalmente \u201cdisconnettersi dal mondo\u201d e\u00a0riscoprire la capacit\u00e0 di creare e condividere valori, [&hellip;]<\/p>\n","protected":false},"author":1,"featured_media":0,"parent":0,"menu_order":0,"comment_status":"closed","ping_status":"closed","template":"","meta":{"footnotes":""},"_links":{"self":[{"href":"https:\/\/littlenightstars.com\/it\/wp-json\/wp\/v2\/pages\/769"}],"collection":[{"href":"https:\/\/littlenightstars.com\/it\/wp-json\/wp\/v2\/pages"}],"about":[{"href":"https:\/\/littlenightstars.com\/it\/wp-json\/wp\/v2\/types\/page"}],"author":[{"embeddable":true,"href":"https:\/\/littlenightstars.com\/it\/wp-json\/wp\/v2\/users\/1"}],"replies":[{"embeddable":true,"href":"https:\/\/littlenightstars.com\/it\/wp-json\/wp\/v2\/comments?post=769"}],"version-history":[{"count":4,"href":"https:\/\/littlenightstars.com\/it\/wp-json\/wp\/v2\/pages\/769\/revisions"}],"predecessor-version":[{"id":1673,"href":"https:\/\/littlenightstars.com\/it\/wp-json\/wp\/v2\/pages\/769\/revisions\/1673"}],"wp:attachment":[{"href":"https:\/\/littlenightstars.com\/it\/wp-json\/wp\/v2\/media?parent=769"}],"curies":[{"name":"wp","href":"https:\/\/api.w.org\/{rel}","templated":true}]}}